{"id":21652,"date":"2023-09-04T11:28:41","date_gmt":"2023-09-04T14:28:41","guid":{"rendered":"https:\/\/mercadometropolitano.com.br\/?page_id=21652"},"modified":"2023-09-12T10:07:09","modified_gmt":"2023-09-12T13:07:09","slug":"envie-seus-dados","status":"publish","type":"page","link":"https:\/\/mercadometropolitano.com.br\/index.php\/envie-seus-dados\/","title":{"rendered":"Envie seus dados"},"content":{"rendered":"\t\t<div data-elementor-type=\"wp-page\" data-elementor-id=\"21652\" class=\"elementor elementor-21652\" data-elementor-post-type=\"page\">\n\t\t\t\t\t\t\t\t\t<section class=\"elementor-section elementor-top-section elementor-element elementor-element-64bb9997 elementor-section-content-middle elementor-section-boxed elementor-section-height-default elementor-section-height-default\" data-id=\"64bb9997\" data-element_type=\"section\" data-settings=\"{&quot;_ha_eqh_enable&quot;:false}\">\n\t\t\t\t\t\t<div class=\"elementor-container elementor-column-gap-no\">\n\t\t\t\t\t<div class=\"elementor-column elementor-col-50 elementor-top-column elementor-element elementor-element-48715ff9\" data-id=\"48715ff9\" data-element_type=\"column\">\n\t\t\t<div class=\"elementor-widget-wrap elementor-element-populated\">\n\t\t\t\t\t\t\t\t<div class=\"elementor-element elementor-element-3fa0507 elementor-widget elementor-widget-heading\" data-id=\"3fa0507\" data-element_type=\"widget\" data-widget_type=\"heading.default\">\n\t\t\t\t<div class=\"elementor-widget-container\">\n\t\t\t<style>\/*! elementor - v3.18.0 - 20-12-2023 *\/\n.elementor-heading-title{padding:0;margin:0;line-height:1}.elementor-widget-heading .elementor-heading-title[class*=elementor-size-]>a{color:inherit;font-size:inherit;line-height:inherit}.elementor-widget-heading .elementor-heading-title.elementor-size-small{font-size:15px}.elementor-widget-heading .elementor-heading-title.elementor-size-medium{font-size:19px}.elementor-widget-heading .elementor-heading-title.elementor-size-large{font-size:29px}.elementor-widget-heading .elementor-heading-title.elementor-size-xl{font-size:39px}.elementor-widget-heading .elementor-heading-title.elementor-size-xxl{font-size:59px}<\/style><h2 class=\"elementor-heading-title elementor-size-default\">Preencha o formul\u00e1rio abaixo com os dados para iniciarmos seu aplicativo.<\/h2>\t\t<\/div>\n\t\t\t\t<\/div>\n\t\t\t\t<div class=\"elementor-element elementor-element-fcd327c elementor-button-align-stretch elementor-widget elementor-widget-form\" data-id=\"fcd327c\" data-element_type=\"widget\" data-settings=\"{&quot;step_next_label&quot;:&quot;Pr\\u00f3ximo&quot;,&quot;step_previous_label&quot;:&quot;Anterior&quot;,&quot;button_width&quot;:&quot;100&quot;,&quot;step_type&quot;:&quot;number_text&quot;,&quot;step_icon_shape&quot;:&quot;circle&quot;}\" data-widget_type=\"form.default\">\n\t\t\t\t<div class=\"elementor-widget-container\">\n\t\t\t<style>\/*! elementor-pro - v3.14.0 - 26-06-2023 *\/\n.elementor-button.elementor-hidden,.elementor-hidden{display:none}.e-form__step{width:100%}.e-form__step:not(.elementor-hidden){display:flex;flex-wrap:wrap}.e-form__buttons{flex-wrap:wrap}.e-form__buttons,.e-form__buttons__wrapper{display:flex}.e-form__indicators{display:flex;justify-content:space-between;align-items:center;flex-wrap:nowrap;font-size:13px;margin-bottom:var(--e-form-steps-indicators-spacing)}.e-form__indicators__indicator{display:flex;flex-direction:column;align-items:center;justify-content:center;flex-basis:0;padding:0 var(--e-form-steps-divider-gap)}.e-form__indicators__indicator__progress{width:100%;position:relative;background-color:var(--e-form-steps-indicator-progress-background-color);border-radius:var(--e-form-steps-indicator-progress-border-radius);overflow:hidden}.e-form__indicators__indicator__progress__meter{width:var(--e-form-steps-indicator-progress-meter-width,0);height:var(--e-form-steps-indicator-progress-height);line-height:var(--e-form-steps-indicator-progress-height);padding-right:15px;border-radius:var(--e-form-steps-indicator-progress-border-radius);background-color:var(--e-form-steps-indicator-progress-color);color:var(--e-form-steps-indicator-progress-meter-color);text-align:right;transition:width .1s linear}.e-form__indicators__indicator:first-child{padding-left:0}.e-form__indicators__indicator:last-child{padding-right:0}.e-form__indicators__indicator--state-inactive{color:var(--e-form-steps-indicator-inactive-primary-color,#c2cbd2)}.e-form__indicators__indicator--state-inactive [class*=indicator--shape-]:not(.e-form__indicators__indicator--shape-none){background-color:var(--e-form-steps-indicator-inactive-secondary-color,#fff)}.e-form__indicators__indicator--state-inactive object,.e-form__indicators__indicator--state-inactive svg{fill:var(--e-form-steps-indicator-inactive-primary-color,#c2cbd2)}.e-form__indicators__indicator--state-active{color:var(--e-form-steps-indicator-active-primary-color,#39b54a);border-color:var(--e-form-steps-indicator-active-secondary-color,#fff)}.e-form__indicators__indicator--state-active [class*=indicator--shape-]:not(.e-form__indicators__indicator--shape-none){background-color:var(--e-form-steps-indicator-active-secondary-color,#fff)}.e-form__indicators__indicator--state-active object,.e-form__indicators__indicator--state-active svg{fill:var(--e-form-steps-indicator-active-primary-color,#39b54a)}.e-form__indicators__indicator--state-completed{color:var(--e-form-steps-indicator-completed-secondary-color,#fff)}.e-form__indicators__indicator--state-completed [class*=indicator--shape-]:not(.e-form__indicators__indicator--shape-none){background-color:var(--e-form-steps-indicator-completed-primary-color,#39b54a)}.e-form__indicators__indicator--state-completed .e-form__indicators__indicator__label{color:var(--e-form-steps-indicator-completed-primary-color,#39b54a)}.e-form__indicators__indicator--state-completed .e-form__indicators__indicator--shape-none{color:var(--e-form-steps-indicator-completed-primary-color,#39b54a);background-color:initial}.e-form__indicators__indicator--state-completed object,.e-form__indicators__indicator--state-completed svg{fill:var(--e-form-steps-indicator-completed-secondary-color,#fff)}.e-form__indicators__indicator__icon{width:var(--e-form-steps-indicator-padding,30px);height:var(--e-form-steps-indicator-padding,30px);font-size:var(--e-form-steps-indicator-icon-size);border-width:1px;border-style:solid;display:flex;justify-content:center;align-items:center;overflow:hidden;margin-bottom:10px}.e-form__indicators__indicator__icon img,.e-form__indicators__indicator__icon object,.e-form__indicators__indicator__icon svg{width:var(--e-form-steps-indicator-icon-size);height:auto}.e-form__indicators__indicator__icon .e-font-icon-svg{height:1em}.e-form__indicators__indicator__number{width:var(--e-form-steps-indicator-padding,30px);height:var(--e-form-steps-indicator-padding,30px);border-width:1px;border-style:solid;display:flex;justify-content:center;align-items:center;margin-bottom:10px}.e-form__indicators__indicator--shape-circle{border-radius:50%}.e-form__indicators__indicator--shape-square{border-radius:0}.e-form__indicators__indicator--shape-rounded{border-radius:5px}.e-form__indicators__indicator--shape-none{border:0}.e-form__indicators__indicator__label{text-align:center}.e-form__indicators__indicator__separator{width:100%;height:var(--e-form-steps-divider-width);background-color:#babfc5}.e-form__indicators--type-icon,.e-form__indicators--type-icon_text,.e-form__indicators--type-number,.e-form__indicators--type-number_text{align-items:flex-start}.e-form__indicators--type-icon .e-form__indicators__indicator__separator,.e-form__indicators--type-icon_text .e-form__indicators__indicator__separator,.e-form__indicators--type-number .e-form__indicators__indicator__separator,.e-form__indicators--type-number_text .e-form__indicators__indicator__separator{margin-top:calc(var(--e-form-steps-indicator-padding, 30px) \/ 2 - var(--e-form-steps-divider-width, 1px) \/ 2)}.elementor-field-type-hidden{display:none}.elementor-field-type-html{display:inline-block}.elementor-login .elementor-lost-password,.elementor-login .elementor-remember-me{font-size:.85em}.elementor-field-type-recaptcha_v3 .elementor-field-label{display:none}.elementor-field-type-recaptcha_v3 .grecaptcha-badge{z-index:1}.elementor-button .elementor-form-spinner{order:3}.elementor-form .elementor-button>span{display:flex;justify-content:center;align-items:center}.elementor-form .elementor-button .elementor-button-text{white-space:normal;flex-grow:0}.elementor-form .elementor-button svg{height:auto}.elementor-form .elementor-button .e-font-icon-svg{height:1em}.elementor-select-wrapper .select-caret-down-wrapper{position:absolute;top:50%;transform:translateY(-50%);inset-inline-end:10px;pointer-events:none;font-size:11px}.elementor-select-wrapper .select-caret-down-wrapper svg{display:unset;width:1em;aspect-ratio:unset;fill:currentColor}.elementor-select-wrapper .select-caret-down-wrapper i{font-size:19px;line-height:2}.elementor-select-wrapper.remove-before:before{content:\"\"!important}<\/style>\t\t<form class=\"elementor-form\" method=\"post\" name=\"Novo formul\u00e1rio\">\n\t\t\t<input type=\"hidden\" name=\"post_id\" value=\"21652\"\/>\n\t\t\t<input type=\"hidden\" name=\"form_id\" value=\"fcd327c\"\/>\n\t\t\t<input type=\"hidden\" name=\"referer_title\" value=\"Mercado Metropolitano\" \/>\n\n\t\t\t\n\t\t\t<div class=\"elementor-form-fields-wrapper elementor-labels-above\">\n\t\t\t\t\t\t\t\t<div class=\"elementor-field-type-text elementor-field-group elementor-column elementor-field-group-name elementor-col-100\">\n\t\t\t\t\t\t\t\t\t\t\t\t<label for=\"form-field-name\" class=\"elementor-field-label\">\n\t\t\t\t\t\t\t\tNome do respons\u00e1vel\t\t\t\t\t\t\t<\/label>\n\t\t\t\t\t\t\t\t\t\t\t\t\t\t<input size=\"1\" type=\"text\" name=\"form_fields[name]\" id=\"form-field-name\" class=\"elementor-field elementor-size-sm  elementor-field-textual\" placeholder=\"Nome  completo\">\n\t\t\t\t\t\t\t\t\t\t\t<\/div>\n\t\t\t\t\t\t\t\t<div class=\"elementor-field-type-text elementor-field-group elementor-column elementor-field-group-field_87eb39d elementor-col-100\">\n\t\t\t\t\t\t\t\t\t\t\t\t<label for=\"form-field-field_87eb39d\" class=\"elementor-field-label\">\n\t\t\t\t\t\t\t\tNome para o aplicativo\t\t\t\t\t\t\t<\/label>\n\t\t\t\t\t\t\t\t\t\t\t\t\t\t<input size=\"1\" type=\"text\" name=\"form_fields[field_87eb39d]\" id=\"form-field-field_87eb39d\" class=\"elementor-field elementor-size-sm  elementor-field-textual\" placeholder=\"Nome do Aplicativo\">\n\t\t\t\t\t\t\t\t\t\t\t<\/div>\n\t\t\t\t\t\t\t\t<div class=\"elementor-field-type-number elementor-field-group elementor-column elementor-field-group-field_edb1490 elementor-col-100\">\n\t\t\t\t\t\t\t\t\t\t\t\t<label for=\"form-field-field_edb1490\" class=\"elementor-field-label\">\n\t\t\t\t\t\t\t\tCPF do respons\u00e1vel\t\t\t\t\t\t\t<\/label>\n\t\t\t\t\t\t\t\t\t<input type=\"number\" name=\"form_fields[field_edb1490]\" id=\"form-field-field_edb1490\" class=\"elementor-field elementor-size-sm  elementor-field-textual\" placeholder=\"Digite o CPF do respons\u00e1vel\" min=\"\" max=\"\" >\n\t\t\t\t\t\t<\/div>\n\t\t\t\t\t\t\t\t<div class=\"elementor-field-type-number elementor-field-group elementor-column elementor-field-group-field_b79f08b elementor-col-100\">\n\t\t\t\t\t\t\t\t\t\t\t\t<label for=\"form-field-field_b79f08b\" class=\"elementor-field-label\">\n\t\t\t\t\t\t\t\tTelefone de contato para o seu cliente\t\t\t\t\t\t\t<\/label>\n\t\t\t\t\t\t\t\t\t<input type=\"number\" name=\"form_fields[field_b79f08b]\" id=\"form-field-field_b79f08b\" class=\"elementor-field elementor-size-sm  elementor-field-textual\" placeholder=\"Telefone\" min=\"\" max=\"\" >\n\t\t\t\t\t\t<\/div>\n\t\t\t\t\t\t\t\t<div class=\"elementor-field-type-email elementor-field-group elementor-column elementor-field-group-email elementor-col-100 elementor-field-required\">\n\t\t\t\t\t\t\t\t\t\t\t\t<label for=\"form-field-email\" class=\"elementor-field-label\">\n\t\t\t\t\t\t\t\tE-mail de contato para seu cliente\t\t\t\t\t\t\t<\/label>\n\t\t\t\t\t\t\t\t\t\t\t\t\t\t<input size=\"1\" type=\"email\" name=\"form_fields[email]\" id=\"form-field-email\" class=\"elementor-field elementor-size-sm  elementor-field-textual\" placeholder=\"E-mail\" required=\"required\" aria-required=\"true\">\n\t\t\t\t\t\t\t\t\t\t\t<\/div>\n\t\t\t\t\t\t\t\t<div class=\"elementor-field-type-url elementor-field-group elementor-column elementor-field-group-field_c0561d2 elementor-col-100\">\n\t\t\t\t\t\t\t\t\t\t\t\t<label for=\"form-field-field_c0561d2\" class=\"elementor-field-label\">\n\t\t\t\t\t\t\t\tSite que quer colocar no app\t\t\t\t\t\t\t<\/label>\n\t\t\t\t\t\t\t\t\t\t\t\t\t\t<input size=\"1\" type=\"url\" name=\"form_fields[field_c0561d2]\" id=\"form-field-field_c0561d2\" class=\"elementor-field elementor-size-sm  elementor-field-textual\" placeholder=\"N\u00e3o \u00e9 obrigat\u00f3rio\">\n\t\t\t\t\t\t\t\t\t\t\t<\/div>\n\t\t\t\t\t\t\t\t<div class=\"elementor-field-type-textarea elementor-field-group elementor-column elementor-field-group-field_af2c7f9 elementor-col-100 elementor-field-required\">\n\t\t\t\t\t\t\t\t\t\t\t\t<label for=\"form-field-field_af2c7f9\" class=\"elementor-field-label\">\n\t\t\t\t\t\t\t\tEscreva o texto \"Quem Somos de seu app\t\t\t\t\t\t\t<\/label>\n\t\t\t\t\t\t<textarea class=\"elementor-field-textual elementor-field  elementor-size-sm\" name=\"form_fields[field_af2c7f9]\" id=\"form-field-field_af2c7f9\" rows=\"4\" placeholder=\"Quem somos\" required=\"required\" aria-required=\"true\"><\/textarea>\t\t\t\t<\/div>\n\t\t\t\t\t\t\t\t<div class=\"elementor-field-type-textarea elementor-field-group elementor-column elementor-field-group-message elementor-col-100\">\n\t\t\t\t\t\t\t\t\t\t\t\t<label for=\"form-field-message\" class=\"elementor-field-label\">\n\t\t\t\t\t\t\t\tSobre seu aplicativo\t\t\t\t\t\t\t<\/label>\n\t\t\t\t\t\t<textarea class=\"elementor-field-textual elementor-field  elementor-size-sm\" name=\"form_fields[message]\" id=\"form-field-message\" rows=\"4\" placeholder=\"Escreva um pouco sobre seu aplicativo.\"><\/textarea>\t\t\t\t<\/div>\n\t\t\t\t\t\t\t\t<div class=\"elementor-field-type-acceptance elementor-field-group elementor-column elementor-field-group-field_fbc2ec6 elementor-col-100 elementor-field-required\">\n\t\t\t\t\t\t\t\t\t\t\t\t<label for=\"form-field-field_fbc2ec6\" class=\"elementor-field-label\">\n\t\t\t\t\t\t\t\tClique para ler os termos\t\t\t\t\t\t\t<\/label>\n\t\t\t\t\t\t\t\t<div class=\"elementor-field-subgroup\">\n\t\t\t<span class=\"elementor-field-option\">\n\t\t\t\t<input type=\"checkbox\" name=\"form_fields[field_fbc2ec6]\" id=\"form-field-field_fbc2ec6\" class=\"elementor-field elementor-size-sm  elementor-acceptance-field\" required=\"required\" aria-required=\"true\" checked=\"checked\">\n\t\t\t\t<label for=\"form-field-field_fbc2ec6\"><p>Aceito os <a href=\"https:\/\/mercadometropolitano.com.br\/index.php\/termos-de-uso\/\" target=\"_blank\">Termos de uso<\/a>.<\/p>\n<\/label>\t\t\t<\/span>\n\t\t<\/div>\n\t\t\t\t\t\t<\/div>\n\t\t\t\t\t\t\t\t<div class=\"elementor-field-group elementor-column elementor-field-type-submit elementor-col-100 e-form__buttons\">\n\t\t\t\t\t<button type=\"submit\" class=\"elementor-button elementor-size-sm\">\n\t\t\t\t\t\t<span >\n\t\t\t\t\t\t\t\t\t\t\t\t\t\t\t<span class=\" elementor-button-icon\">\n\t\t\t\t\t\t\t\t\t\t\t\t\t\t\t\t\t\t\t\t\t\t\t\t\t\t<\/span>\n\t\t\t\t\t\t\t\t\t\t\t\t\t\t\t\t\t\t\t\t\t\t<span class=\"elementor-button-text\">Enviar<\/span>\n\t\t\t\t\t\t\t\t\t\t\t\t\t<\/span>\n\t\t\t\t\t<\/button>\n\t\t\t\t<\/div>\n\t\t\t<\/div>\n\t\t<\/form>\n\t\t\t\t<\/div>\n\t\t\t\t<\/div>\n\t\t\t\t<div class=\"elementor-element elementor-element-1c39ba3 elementor-widget elementor-widget-heading\" data-id=\"1c39ba3\" data-element_type=\"widget\" data-widget_type=\"heading.default\">\n\t\t\t\t<div class=\"elementor-widget-container\">\n\t\t\t<h2 class=\"elementor-heading-title elementor-size-default\">Envie as imagens do aplicativo para nosso WhatsApp. (41)98828-0007<\/h2>\t\t<\/div>\n\t\t\t\t<\/div>\n\t\t\t\t\t<\/div>\n\t\t<\/div>\n\t\t\t\t<div class=\"elementor-column elementor-col-50 elementor-top-column elementor-element elementor-element-68bdba50\" data-id=\"68bdba50\" data-element_type=\"column\">\n\t\t\t<div class=\"elementor-widget-wrap elementor-element-populated\">\n\t\t\t\t\t\t\t\t<div class=\"elementor-element elementor-element-69be23d9 elementor-widget elementor-widget-image\" data-id=\"69be23d9\" data-element_type=\"widget\" data-widget_type=\"image.default\">\n\t\t\t\t<div class=\"elementor-widget-container\">\n\t\t\t<style>\/*! elementor - v3.18.0 - 20-12-2023 *\/\n.elementor-widget-image{text-align:center}.elementor-widget-image a{display:inline-block}.elementor-widget-image a img[src$=\".svg\"]{width:48px}.elementor-widget-image img{vertical-align:middle;display:inline-block}<\/style>\t\t\t\t\t\t\t\t\t\t\t\t<img fetchpriority=\"high\" decoding=\"async\" width=\"450\" height=\"802\" src=\"https:\/\/mercadometropolitano.com.br\/wp-content\/uploads\/2023\/09\/phone-x2.png\" class=\"attachment-full size-full wp-image-21676\" alt=\"\" srcset=\"https:\/\/mercadometropolitano.com.br\/wp-content\/uploads\/2023\/09\/phone-x2.png 450w, https:\/\/mercadometropolitano.com.br\/wp-content\/uploads\/2023\/09\/phone-x2-168x300.png 168w\" sizes=\"(max-width: 450px) 100vw, 450px\" \/>\t\t\t\t\t\t\t\t\t\t\t\t\t\t\t<\/div>\n\t\t\t\t<\/div>\n\t\t\t\t\t<\/div>\n\t\t<\/div>\n\t\t\t\t\t\t\t<\/div>\n\t\t<\/section>\n\t\t\t\t\t\t\t<\/div>\n\t\t","protected":false},"excerpt":{"rendered":"<p>Preencha o formul\u00e1rio abaixo com os dados para iniciarmos seu aplicativo. Envie as imagens do aplicativo para nosso WhatsApp. (41)98828-0007<\/p>\n","protected":false},"author":1,"featured_media":0,"parent":0,"menu_order":0,"comment_status":"closed","ping_status":"closed","template":"","meta":[],"yoast_head":"<!-- This site is optimized with the Yoast SEO plugin v21.8 - https:\/\/yoast.com\/wordpress\/plugins\/seo\/ -->\n<title>Envie seus dados - Mercado Metropolitano<\/title>\n<meta name=\"robots\" content=\"index, follow, max-snippet:-1, max-image-preview:large, max-video-preview:-1\" \/>\n<link rel=\"canonical\" href=\"https:\/\/mercadometropolitano.com.br\/index.php\/envie-seus-dados\/\" \/>\n<meta property=\"og:locale\" content=\"pt_BR\" \/>\n<meta property=\"og:type\" content=\"article\" \/>\n<meta property=\"og:title\" content=\"Envie seus dados - Mercado Metropolitano\" \/>\n<meta property=\"og:description\" content=\"Preencha o formul\u00e1rio abaixo com os dados para iniciarmos seu aplicativo. Envie as imagens do aplicativo para nosso WhatsApp. (41)98828-0007\" \/>\n<meta property=\"og:url\" content=\"https:\/\/mercadometropolitano.com.br\/index.php\/envie-seus-dados\/\" \/>\n<meta property=\"og:site_name\" content=\"Mercado Metropolitano\" \/>\n<meta property=\"article:publisher\" content=\"https:\/\/www.facebook.com\/profile.php?id=100076491488780\" \/>\n<meta property=\"article:modified_time\" content=\"2023-09-12T13:07:09+00:00\" \/>\n<meta property=\"og:image\" content=\"https:\/\/mercadometropolitano.com.br\/wp-content\/uploads\/2023\/09\/phone-x2.png\" \/>\n<meta name=\"twitter:card\" content=\"summary_large_image\" \/>\n<meta name=\"twitter:label1\" content=\"Est. tempo de leitura\" \/>\n\t<meta name=\"twitter:data1\" content=\"1 minuto\" \/>\n<script type=\"application\/ld+json\" class=\"yoast-schema-graph\">{\"@context\":\"https:\/\/schema.org\",\"@graph\":[{\"@type\":\"WebPage\",\"@id\":\"https:\/\/mercadometropolitano.com.br\/index.php\/envie-seus-dados\/\",\"url\":\"https:\/\/mercadometropolitano.com.br\/index.php\/envie-seus-dados\/\",\"name\":\"Envie seus dados - Mercado Metropolitano\",\"isPartOf\":{\"@id\":\"https:\/\/mercadometropolitano.com.br\/#website\"},\"datePublished\":\"2023-09-04T14:28:41+00:00\",\"dateModified\":\"2023-09-12T13:07:09+00:00\",\"breadcrumb\":{\"@id\":\"https:\/\/mercadometropolitano.com.br\/index.php\/envie-seus-dados\/#breadcrumb\"},\"inLanguage\":\"pt-BR\",\"potentialAction\":[{\"@type\":\"ReadAction\",\"target\":[\"https:\/\/mercadometropolitano.com.br\/index.php\/envie-seus-dados\/\"]}]},{\"@type\":\"BreadcrumbList\",\"@id\":\"https:\/\/mercadometropolitano.com.br\/index.php\/envie-seus-dados\/#breadcrumb\",\"itemListElement\":[{\"@type\":\"ListItem\",\"position\":1,\"name\":\"In\u00edcio\",\"item\":\"https:\/\/mercadometropolitano.com.br\/\"},{\"@type\":\"ListItem\",\"position\":2,\"name\":\"Envie seus dados\"}]},{\"@type\":\"WebSite\",\"@id\":\"https:\/\/mercadometropolitano.com.br\/#website\",\"url\":\"https:\/\/mercadometropolitano.com.br\/\",\"name\":\"Mercado Metropolitano\",\"description\":\"Criando Aplicativos sem programa\u00e7\u00e3o\",\"publisher\":{\"@id\":\"https:\/\/mercadometropolitano.com.br\/#organization\"},\"potentialAction\":[{\"@type\":\"SearchAction\",\"target\":{\"@type\":\"EntryPoint\",\"urlTemplate\":\"https:\/\/mercadometropolitano.com.br\/?s={search_term_string}\"},\"query-input\":\"required name=search_term_string\"}],\"inLanguage\":\"pt-BR\"},{\"@type\":\"Organization\",\"@id\":\"https:\/\/mercadometropolitano.com.br\/#organization\",\"name\":\"Mercado Metropolitano\",\"url\":\"https:\/\/mercadometropolitano.com.br\/\",\"logo\":{\"@type\":\"ImageObject\",\"inLanguage\":\"pt-BR\",\"@id\":\"https:\/\/mercadometropolitano.com.br\/#\/schema\/logo\/image\/\",\"url\":\"https:\/\/mercadometropolitano.com.br\/wp-content\/uploads\/2023\/05\/LOGO-NOVA-LARANJA-PNG.png\",\"contentUrl\":\"https:\/\/mercadometropolitano.com.br\/wp-content\/uploads\/2023\/05\/LOGO-NOVA-LARANJA-PNG.png\",\"width\":4193,\"height\":2106,\"caption\":\"Mercado Metropolitano\"},\"image\":{\"@id\":\"https:\/\/mercadometropolitano.com.br\/#\/schema\/logo\/image\/\"},\"sameAs\":[\"https:\/\/www.facebook.com\/profile.php?id=100076491488780\",\"https:\/\/www.instagram.com\/mercadometropolitano\/\"]}]}<\/script>\n<!-- \/ Yoast SEO plugin. -->","yoast_head_json":{"title":"Envie seus dados - Mercado Metropolitano","robots":{"index":"index","follow":"follow","max-snippet":"max-snippet:-1","max-image-preview":"max-image-preview:large","max-video-preview":"max-video-preview:-1"},"canonical":"https:\/\/mercadometropolitano.com.br\/index.php\/envie-seus-dados\/","og_locale":"pt_BR","og_type":"article","og_title":"Envie seus dados - Mercado Metropolitano","og_description":"Preencha o formul\u00e1rio abaixo com os dados para iniciarmos seu aplicativo. Envie as imagens do aplicativo para nosso WhatsApp. (41)98828-0007","og_url":"https:\/\/mercadometropolitano.com.br\/index.php\/envie-seus-dados\/","og_site_name":"Mercado Metropolitano","article_publisher":"https:\/\/www.facebook.com\/profile.php?id=100076491488780","article_modified_time":"2023-09-12T13:07:09+00:00","og_image":[{"url":"https:\/\/mercadometropolitano.com.br\/wp-content\/uploads\/2023\/09\/phone-x2.png"}],"twitter_card":"summary_large_image","twitter_misc":{"Est. tempo de leitura":"1 minuto"},"schema":{"@context":"https:\/\/schema.org","@graph":[{"@type":"WebPage","@id":"https:\/\/mercadometropolitano.com.br\/index.php\/envie-seus-dados\/","url":"https:\/\/mercadometropolitano.com.br\/index.php\/envie-seus-dados\/","name":"Envie seus dados - Mercado Metropolitano","isPartOf":{"@id":"https:\/\/mercadometropolitano.com.br\/#website"},"datePublished":"2023-09-04T14:28:41+00:00","dateModified":"2023-09-12T13:07:09+00:00","breadcrumb":{"@id":"https:\/\/mercadometropolitano.com.br\/index.php\/envie-seus-dados\/#breadcrumb"},"inLanguage":"pt-BR","potentialAction":[{"@type":"ReadAction","target":["https:\/\/mercadometropolitano.com.br\/index.php\/envie-seus-dados\/"]}]},{"@type":"BreadcrumbList","@id":"https:\/\/mercadometropolitano.com.br\/index.php\/envie-seus-dados\/#breadcrumb","itemListElement":[{"@type":"ListItem","position":1,"name":"In\u00edcio","item":"https:\/\/mercadometropolitano.com.br\/"},{"@type":"ListItem","position":2,"name":"Envie seus dados"}]},{"@type":"WebSite","@id":"https:\/\/mercadometropolitano.com.br\/#website","url":"https:\/\/mercadometropolitano.com.br\/","name":"Mercado Metropolitano","description":"Criando Aplicativos sem programa\u00e7\u00e3o","publisher":{"@id":"https:\/\/mercadometropolitano.com.br\/#organization"},"potentialAction":[{"@type":"SearchAction","target":{"@type":"EntryPoint","urlTemplate":"https:\/\/mercadometropolitano.com.br\/?s={search_term_string}"},"query-input":"required name=search_term_string"}],"inLanguage":"pt-BR"},{"@type":"Organization","@id":"https:\/\/mercadometropolitano.com.br\/#organization","name":"Mercado Metropolitano","url":"https:\/\/mercadometropolitano.com.br\/","logo":{"@type":"ImageObject","inLanguage":"pt-BR","@id":"https:\/\/mercadometropolitano.com.br\/#\/schema\/logo\/image\/","url":"https:\/\/mercadometropolitano.com.br\/wp-content\/uploads\/2023\/05\/LOGO-NOVA-LARANJA-PNG.png","contentUrl":"https:\/\/mercadometropolitano.com.br\/wp-content\/uploads\/2023\/05\/LOGO-NOVA-LARANJA-PNG.png","width":4193,"height":2106,"caption":"Mercado Metropolitano"},"image":{"@id":"https:\/\/mercadometropolitano.com.br\/#\/schema\/logo\/image\/"},"sameAs":["https:\/\/www.facebook.com\/profile.php?id=100076491488780","https:\/\/www.instagram.com\/mercadometropolitano\/"]}]}},"_links":{"self":[{"href":"https:\/\/mercadometropolitano.com.br\/index.php\/wp-json\/wp\/v2\/pages\/21652"}],"collection":[{"href":"https:\/\/mercadometropolitano.com.br\/index.php\/wp-json\/wp\/v2\/pages"}],"about":[{"href":"https:\/\/mercadometropolitano.com.br\/index.php\/wp-json\/wp\/v2\/types\/page"}],"author":[{"embeddable":true,"href":"https:\/\/mercadometropolitano.com.br\/index.php\/wp-json\/wp\/v2\/users\/1"}],"replies":[{"embeddable":true,"href":"https:\/\/mercadometropolitano.com.br\/index.php\/wp-json\/wp\/v2\/comments?post=21652"}],"version-history":[{"count":67,"href":"https:\/\/mercadometropolitano.com.br\/index.php\/wp-json\/wp\/v2\/pages\/21652\/revisions"}],"predecessor-version":[{"id":21743,"href":"https:\/\/mercadometropolitano.com.br\/index.php\/wp-json\/wp\/v2\/pages\/21652\/revisions\/21743"}],"wp:attachment":[{"href":"https:\/\/mercadometropolitano.com.br\/index.php\/wp-json\/wp\/v2\/media?parent=21652"}],"curies":[{"name":"wp","href":"https:\/\/api.w.org\/{rel}","templated":true}]}}