{"id":21779,"date":"2023-12-08T14:57:41","date_gmt":"2023-12-08T17:57:41","guid":{"rendered":"https:\/\/mercadometropolitano.com.br\/?page_id=21779"},"modified":"2023-12-08T15:13:41","modified_gmt":"2023-12-08T18:13:41","slug":"faca-voce-mesmo","status":"publish","type":"page","link":"https:\/\/mercadometropolitano.com.br\/index.php\/faca-voce-mesmo\/","title":{"rendered":"Fa\u00e7a voc\u00ea mesmo"},"content":{"rendered":"\t\t<div data-elementor-type=\"wp-page\" data-elementor-id=\"21779\" class=\"elementor elementor-21779\" data-elementor-post-type=\"page\">\n\t\t\t\t\t\t\t\t\t<section class=\"elementor-section elementor-top-section elementor-element elementor-element-568409de elementor-section-content-middle elementor-section-boxed elementor-section-height-default elementor-section-height-default\" data-id=\"568409de\" data-element_type=\"section\" data-settings=\"{&quot;_ha_eqh_enable&quot;:false}\">\n\t\t\t\t\t\t<div class=\"elementor-container elementor-column-gap-no\">\n\t\t\t\t\t<div class=\"elementor-column elementor-col-33 elementor-top-column elementor-element elementor-element-38cf33f4\" data-id=\"38cf33f4\" data-element_type=\"column\">\n\t\t\t<div class=\"elementor-widget-wrap elementor-element-populated\">\n\t\t\t\t\t\t\t\t<div class=\"elementor-element elementor-element-7b4d2093 elementor-view-default elementor-position-top elementor-mobile-position-top elementor-widget elementor-widget-icon-box\" data-id=\"7b4d2093\" data-element_type=\"widget\" data-widget_type=\"icon-box.default\">\n\t\t\t\t<div class=\"elementor-widget-container\">\n\t\t\t<link rel=\"stylesheet\" href=\"https:\/\/mercadometropolitano.com.br\/wp-content\/plugins\/elementor\/assets\/css\/widget-icon-box.min.css\">\t\t<div class=\"elementor-icon-box-wrapper\">\n\t\t\t\t\t\t<div class=\"elementor-icon-box-icon\">\n\t\t\t\t<span  class=\"elementor-icon elementor-animation-\">\n\t\t\t\t<i aria-hidden=\"true\" class=\"fas fa-book\"><\/i>\t\t\t\t<\/span>\n\t\t\t<\/div>\n\t\t\t\t\t\t<div class=\"elementor-icon-box-content\">\n\t\t\t\t<h3 class=\"elementor-icon-box-title\">\n\t\t\t\t\t<span  >\n\t\t\t\t\t\tDesign\t\t\t\t\t<\/span>\n\t\t\t\t<\/h3>\n\t\t\t\t\t\t\t\t\t<p class=\"elementor-icon-box-description\">\n\t\t\t\t\t\tAprenda a criar seu site com pouco esfor\u00e7o, e com um design profissional\t\t\t\t\t<\/p>\n\t\t\t\t\t\t\t<\/div>\n\t\t<\/div>\n\t\t\t\t<\/div>\n\t\t\t\t<\/div>\n\t\t\t\t<div class=\"elementor-element elementor-element-338d8ed7 elementor-view-default elementor-position-top elementor-mobile-position-top elementor-widget elementor-widget-icon-box\" data-id=\"338d8ed7\" data-element_type=\"widget\" data-widget_type=\"icon-box.default\">\n\t\t\t\t<div class=\"elementor-widget-container\">\n\t\t\t\t\t<div class=\"elementor-icon-box-wrapper\">\n\t\t\t\t\t\t<div class=\"elementor-icon-box-icon\">\n\t\t\t\t<span  class=\"elementor-icon elementor-animation-\">\n\t\t\t\t<i aria-hidden=\"true\" class=\"fas fa-book-medical\"><\/i>\t\t\t\t<\/span>\n\t\t\t<\/div>\n\t\t\t\t\t\t<div class=\"elementor-icon-box-content\">\n\t\t\t\t<h3 class=\"elementor-icon-box-title\">\n\t\t\t\t\t<span  >\n\t\t\t\t\t\tBonus\t\t\t\t\t<\/span>\n\t\t\t\t<\/h3>\n\t\t\t\t\t\t\t\t\t<p class=\"elementor-icon-box-description\">\n\t\t\t\t\t\tAprenda como conseguir comprar o Plugin Elementor a um custo baixo.\t\t\t\t\t<\/p>\n\t\t\t\t\t\t\t<\/div>\n\t\t<\/div>\n\t\t\t\t<\/div>\n\t\t\t\t<\/div>\n\t\t\t\t\t<\/div>\n\t\t<\/div>\n\t\t\t\t<div class=\"elementor-column elementor-col-33 elementor-top-column elementor-element elementor-element-4f4bd04e\" data-id=\"4f4bd04e\" data-element_type=\"column\">\n\t\t\t<div class=\"elementor-widget-wrap elementor-element-populated\">\n\t\t\t\t\t\t\t\t<div class=\"elementor-element elementor-element-6f170a2 elementor-widget elementor-widget-image\" data-id=\"6f170a2\" data-element_type=\"widget\" data-widget_type=\"image.default\">\n\t\t\t\t<div class=\"elementor-widget-container\">\n\t\t\t<style>\/*! elementor - v3.18.0 - 20-12-2023 *\/\n.elementor-widget-image{text-align:center}.elementor-widget-image a{display:inline-block}.elementor-widget-image a img[src$=\".svg\"]{width:48px}.elementor-widget-image img{vertical-align:middle;display:inline-block}<\/style>\t\t\t\t\t\t\t\t\t\t\t\t<img fetchpriority=\"high\" decoding=\"async\" width=\"797\" height=\"1124\" src=\"https:\/\/mercadometropolitano.com.br\/wp-content\/uploads\/2023\/12\/CAPA-LIVRO-WORDPRESS-ELEMENTOR.png\" class=\"attachment-full size-full wp-image-21781\" alt=\"\" srcset=\"https:\/\/mercadometropolitano.com.br\/wp-content\/uploads\/2023\/12\/CAPA-LIVRO-WORDPRESS-ELEMENTOR.png 797w, https:\/\/mercadometropolitano.com.br\/wp-content\/uploads\/2023\/12\/CAPA-LIVRO-WORDPRESS-ELEMENTOR-213x300.png 213w, https:\/\/mercadometropolitano.com.br\/wp-content\/uploads\/2023\/12\/CAPA-LIVRO-WORDPRESS-ELEMENTOR-726x1024.png 726w, https:\/\/mercadometropolitano.com.br\/wp-content\/uploads\/2023\/12\/CAPA-LIVRO-WORDPRESS-ELEMENTOR-768x1083.png 768w\" sizes=\"(max-width: 797px) 100vw, 797px\" \/>\t\t\t\t\t\t\t\t\t\t\t\t\t\t\t<\/div>\n\t\t\t\t<\/div>\n\t\t\t\t<div class=\"elementor-element elementor-element-1d9dda3 elementor-widget elementor-widget-heading\" data-id=\"1d9dda3\" data-element_type=\"widget\" data-widget_type=\"heading.default\">\n\t\t\t\t<div class=\"elementor-widget-container\">\n\t\t\t<style>\/*! elementor - v3.18.0 - 20-12-2023 *\/\n.elementor-heading-title{padding:0;margin:0;line-height:1}.elementor-widget-heading .elementor-heading-title[class*=elementor-size-]>a{color:inherit;font-size:inherit;line-height:inherit}.elementor-widget-heading .elementor-heading-title.elementor-size-small{font-size:15px}.elementor-widget-heading .elementor-heading-title.elementor-size-medium{font-size:19px}.elementor-widget-heading .elementor-heading-title.elementor-size-large{font-size:29px}.elementor-widget-heading .elementor-heading-title.elementor-size-xl{font-size:39px}.elementor-widget-heading .elementor-heading-title.elementor-size-xxl{font-size:59px}<\/style><h2 class=\"elementor-heading-title elementor-size-default\"><script type=\"text\/javascript\">\n\tfunction importHotmart(){ \n \t\tvar imported = document.createElement('script'); \n \t\timported.src = 'https:\/\/static.hotmart.com\/checkout\/widget.min.js'; \n \t\tdocument.head.appendChild(imported); \n\t\tvar link = document.createElement('link'); \n\t\tlink.rel = 'stylesheet'; \n\t\tlink.type = 'text\/css'; \n\t\tlink.href = 'https:\/\/static.hotmart.com\/css\/hotmart-fb.min.css'; \n\t\tdocument.head.appendChild(link);\t} \n \timportHotmart(); \n <\/script> \n <a onclick=\"return false;\" href=\"https:\/\/pay.hotmart.com\/K89059338E?checkoutMode=2\" class=\"hotmart-fb hotmart__button-checkout\"><img src='https:\/\/static.hotmart.com\/img\/btn-buy-green.png'><\/a> <\/h2>\t\t<\/div>\n\t\t\t\t<\/div>\n\t\t\t\t\t<\/div>\n\t\t<\/div>\n\t\t\t\t<div class=\"elementor-column elementor-col-33 elementor-top-column elementor-element elementor-element-6f4331f9\" data-id=\"6f4331f9\" data-element_type=\"column\">\n\t\t\t<div class=\"elementor-widget-wrap elementor-element-populated\">\n\t\t\t\t\t\t\t\t<div class=\"elementor-element elementor-element-57c34119 elementor-view-default elementor-position-top elementor-mobile-position-top elementor-widget elementor-widget-icon-box\" data-id=\"57c34119\" data-element_type=\"widget\" data-widget_type=\"icon-box.default\">\n\t\t\t\t<div class=\"elementor-widget-container\">\n\t\t\t\t\t<div class=\"elementor-icon-box-wrapper\">\n\t\t\t\t\t\t<div class=\"elementor-icon-box-icon\">\n\t\t\t\t<span  class=\"elementor-icon elementor-animation-\">\n\t\t\t\t<i aria-hidden=\"true\" class=\"fas fa-star\"><\/i>\t\t\t\t<\/span>\n\t\t\t<\/div>\n\t\t\t\t\t\t<div class=\"elementor-icon-box-content\">\n\t\t\t\t<h3 class=\"elementor-icon-box-title\">\n\t\t\t\t\t<span  >\n\t\t\t\t\t\tInstala\u00e7\u00e3o\t\t\t\t\t<\/span>\n\t\t\t\t<\/h3>\n\t\t\t\t\t\t\t\t\t<p class=\"elementor-icon-box-description\">\n\t\t\t\t\t\tVoc\u00ea vai aprender desde a instala\u00e7\u00e3o do WordPress, elementor at\u00e9 a configura\u00e7\u00e3o dos mesmos.\t\t\t\t\t<\/p>\n\t\t\t\t\t\t\t<\/div>\n\t\t<\/div>\n\t\t\t\t<\/div>\n\t\t\t\t<\/div>\n\t\t\t\t<div class=\"elementor-element elementor-element-2fd9a98b elementor-view-default elementor-position-top elementor-mobile-position-top elementor-widget elementor-widget-icon-box\" data-id=\"2fd9a98b\" data-element_type=\"widget\" data-widget_type=\"icon-box.default\">\n\t\t\t\t<div class=\"elementor-widget-container\">\n\t\t\t\t\t<div class=\"elementor-icon-box-wrapper\">\n\t\t\t\t\t\t<div class=\"elementor-icon-box-icon\">\n\t\t\t\t<span  class=\"elementor-icon elementor-animation-\">\n\t\t\t\t<i aria-hidden=\"true\" class=\"fas fa-book-open\"><\/i>\t\t\t\t<\/span>\n\t\t\t<\/div>\n\t\t\t\t\t\t<div class=\"elementor-icon-box-content\">\n\t\t\t\t<h3 class=\"elementor-icon-box-title\">\n\t\t\t\t\t<span  >\n\t\t\t\t\t\tAprendizado\t\t\t\t\t<\/span>\n\t\t\t\t<\/h3>\n\t\t\t\t\t\t\t\t\t<p class=\"elementor-icon-box-description\">\n\t\t\t\t\t\tCrie seu pr\u00f3prio site, com muita facilidade. Conte com o auxilio de nosso suporte, recebendo dicas via email.\t\t\t\t\t<\/p>\n\t\t\t\t\t\t\t<\/div>\n\t\t<\/div>\n\t\t\t\t<\/div>\n\t\t\t\t<\/div>\n\t\t\t\t\t<\/div>\n\t\t<\/div>\n\t\t\t\t\t\t\t<\/div>\n\t\t<\/section>\n\t\t\t\t\t\t\t<\/div>\n\t\t","protected":false},"excerpt":{"rendered":"<p>Design Aprenda a criar seu site com pouco esfor\u00e7o, e com um design profissional Bonus Aprenda como conseguir comprar o Plugin Elementor a um custo baixo. Instala\u00e7\u00e3o Voc\u00ea vai aprender desde a instala\u00e7\u00e3o do WordPress, elementor at\u00e9 a configura\u00e7\u00e3o dos mesmos. Aprendizado Crie seu pr\u00f3prio site, com muita facilidade. Conte com o auxilio de nosso [&hellip;]<\/p>\n","protected":false},"author":1,"featured_media":0,"parent":0,"menu_order":0,"comment_status":"closed","ping_status":"closed","template":"","meta":[],"yoast_head":"<!-- This site is optimized with the Yoast SEO plugin v21.8 - https:\/\/yoast.com\/wordpress\/plugins\/seo\/ -->\n<title>Fa\u00e7a voc\u00ea mesmo - Mercado Metropolitano<\/title>\n<meta name=\"robots\" content=\"index, follow, max-snippet:-1, max-image-preview:large, max-video-preview:-1\" \/>\n<link rel=\"canonical\" href=\"https:\/\/mercadometropolitano.com.br\/index.php\/faca-voce-mesmo\/\" \/>\n<meta property=\"og:locale\" content=\"pt_BR\" \/>\n<meta property=\"og:type\" content=\"article\" \/>\n<meta property=\"og:title\" content=\"Fa\u00e7a voc\u00ea mesmo - Mercado Metropolitano\" \/>\n<meta property=\"og:description\" content=\"Design Aprenda a criar seu site com pouco esfor\u00e7o, e com um design profissional Bonus Aprenda como conseguir comprar o Plugin Elementor a um custo baixo. Instala\u00e7\u00e3o Voc\u00ea vai aprender desde a instala\u00e7\u00e3o do WordPress, elementor at\u00e9 a configura\u00e7\u00e3o dos mesmos. Aprendizado Crie seu pr\u00f3prio site, com muita facilidade. Conte com o auxilio de nosso [&hellip;]\" \/>\n<meta property=\"og:url\" content=\"https:\/\/mercadometropolitano.com.br\/index.php\/faca-voce-mesmo\/\" \/>\n<meta property=\"og:site_name\" content=\"Mercado Metropolitano\" \/>\n<meta property=\"article:publisher\" content=\"https:\/\/www.facebook.com\/profile.php?id=100076491488780\" \/>\n<meta property=\"article:modified_time\" content=\"2023-12-08T18:13:41+00:00\" \/>\n<meta property=\"og:image\" content=\"https:\/\/mercadometropolitano.com.br\/wp-content\/uploads\/2023\/12\/CAPA-LIVRO-WORDPRESS-ELEMENTOR.png\" \/>\n<meta name=\"twitter:card\" content=\"summary_large_image\" \/>\n<meta name=\"twitter:label1\" content=\"Est. tempo de leitura\" \/>\n\t<meta name=\"twitter:data1\" content=\"1 minuto\" \/>\n<script type=\"application\/ld+json\" class=\"yoast-schema-graph\">{\"@context\":\"https:\/\/schema.org\",\"@graph\":[{\"@type\":\"WebPage\",\"@id\":\"https:\/\/mercadometropolitano.com.br\/index.php\/faca-voce-mesmo\/\",\"url\":\"https:\/\/mercadometropolitano.com.br\/index.php\/faca-voce-mesmo\/\",\"name\":\"Fa\u00e7a voc\u00ea mesmo - Mercado Metropolitano\",\"isPartOf\":{\"@id\":\"https:\/\/mercadometropolitano.com.br\/#website\"},\"datePublished\":\"2023-12-08T17:57:41+00:00\",\"dateModified\":\"2023-12-08T18:13:41+00:00\",\"breadcrumb\":{\"@id\":\"https:\/\/mercadometropolitano.com.br\/index.php\/faca-voce-mesmo\/#breadcrumb\"},\"inLanguage\":\"pt-BR\",\"potentialAction\":[{\"@type\":\"ReadAction\",\"target\":[\"https:\/\/mercadometropolitano.com.br\/index.php\/faca-voce-mesmo\/\"]}]},{\"@type\":\"BreadcrumbList\",\"@id\":\"https:\/\/mercadometropolitano.com.br\/index.php\/faca-voce-mesmo\/#breadcrumb\",\"itemListElement\":[{\"@type\":\"ListItem\",\"position\":1,\"name\":\"In\u00edcio\",\"item\":\"https:\/\/mercadometropolitano.com.br\/\"},{\"@type\":\"ListItem\",\"position\":2,\"name\":\"Fa\u00e7a voc\u00ea mesmo\"}]},{\"@type\":\"WebSite\",\"@id\":\"https:\/\/mercadometropolitano.com.br\/#website\",\"url\":\"https:\/\/mercadometropolitano.com.br\/\",\"name\":\"Mercado Metropolitano\",\"description\":\"Criando Aplicativos sem programa\u00e7\u00e3o\",\"publisher\":{\"@id\":\"https:\/\/mercadometropolitano.com.br\/#organization\"},\"potentialAction\":[{\"@type\":\"SearchAction\",\"target\":{\"@type\":\"EntryPoint\",\"urlTemplate\":\"https:\/\/mercadometropolitano.com.br\/?s={search_term_string}\"},\"query-input\":\"required name=search_term_string\"}],\"inLanguage\":\"pt-BR\"},{\"@type\":\"Organization\",\"@id\":\"https:\/\/mercadometropolitano.com.br\/#organization\",\"name\":\"Mercado Metropolitano\",\"url\":\"https:\/\/mercadometropolitano.com.br\/\",\"logo\":{\"@type\":\"ImageObject\",\"inLanguage\":\"pt-BR\",\"@id\":\"https:\/\/mercadometropolitano.com.br\/#\/schema\/logo\/image\/\",\"url\":\"https:\/\/mercadometropolitano.com.br\/wp-content\/uploads\/2023\/05\/LOGO-NOVA-LARANJA-PNG.png\",\"contentUrl\":\"https:\/\/mercadometropolitano.com.br\/wp-content\/uploads\/2023\/05\/LOGO-NOVA-LARANJA-PNG.png\",\"width\":4193,\"height\":2106,\"caption\":\"Mercado Metropolitano\"},\"image\":{\"@id\":\"https:\/\/mercadometropolitano.com.br\/#\/schema\/logo\/image\/\"},\"sameAs\":[\"https:\/\/www.facebook.com\/profile.php?id=100076491488780\",\"https:\/\/www.instagram.com\/mercadometropolitano\/\"]}]}<\/script>\n<!-- \/ Yoast SEO plugin. -->","yoast_head_json":{"title":"Fa\u00e7a voc\u00ea mesmo - Mercado Metropolitano","robots":{"index":"index","follow":"follow","max-snippet":"max-snippet:-1","max-image-preview":"max-image-preview:large","max-video-preview":"max-video-preview:-1"},"canonical":"https:\/\/mercadometropolitano.com.br\/index.php\/faca-voce-mesmo\/","og_locale":"pt_BR","og_type":"article","og_title":"Fa\u00e7a voc\u00ea mesmo - Mercado Metropolitano","og_description":"Design Aprenda a criar seu site com pouco esfor\u00e7o, e com um design profissional Bonus Aprenda como conseguir comprar o Plugin Elementor a um custo baixo. Instala\u00e7\u00e3o Voc\u00ea vai aprender desde a instala\u00e7\u00e3o do WordPress, elementor at\u00e9 a configura\u00e7\u00e3o dos mesmos. Aprendizado Crie seu pr\u00f3prio site, com muita facilidade. Conte com o auxilio de nosso [&hellip;]","og_url":"https:\/\/mercadometropolitano.com.br\/index.php\/faca-voce-mesmo\/","og_site_name":"Mercado Metropolitano","article_publisher":"https:\/\/www.facebook.com\/profile.php?id=100076491488780","article_modified_time":"2023-12-08T18:13:41+00:00","og_image":[{"url":"https:\/\/mercadometropolitano.com.br\/wp-content\/uploads\/2023\/12\/CAPA-LIVRO-WORDPRESS-ELEMENTOR.png"}],"twitter_card":"summary_large_image","twitter_misc":{"Est. tempo de leitura":"1 minuto"},"schema":{"@context":"https:\/\/schema.org","@graph":[{"@type":"WebPage","@id":"https:\/\/mercadometropolitano.com.br\/index.php\/faca-voce-mesmo\/","url":"https:\/\/mercadometropolitano.com.br\/index.php\/faca-voce-mesmo\/","name":"Fa\u00e7a voc\u00ea mesmo - Mercado Metropolitano","isPartOf":{"@id":"https:\/\/mercadometropolitano.com.br\/#website"},"datePublished":"2023-12-08T17:57:41+00:00","dateModified":"2023-12-08T18:13:41+00:00","breadcrumb":{"@id":"https:\/\/mercadometropolitano.com.br\/index.php\/faca-voce-mesmo\/#breadcrumb"},"inLanguage":"pt-BR","potentialAction":[{"@type":"ReadAction","target":["https:\/\/mercadometropolitano.com.br\/index.php\/faca-voce-mesmo\/"]}]},{"@type":"BreadcrumbList","@id":"https:\/\/mercadometropolitano.com.br\/index.php\/faca-voce-mesmo\/#breadcrumb","itemListElement":[{"@type":"ListItem","position":1,"name":"In\u00edcio","item":"https:\/\/mercadometropolitano.com.br\/"},{"@type":"ListItem","position":2,"name":"Fa\u00e7a voc\u00ea mesmo"}]},{"@type":"WebSite","@id":"https:\/\/mercadometropolitano.com.br\/#website","url":"https:\/\/mercadometropolitano.com.br\/","name":"Mercado Metropolitano","description":"Criando Aplicativos sem programa\u00e7\u00e3o","publisher":{"@id":"https:\/\/mercadometropolitano.com.br\/#organization"},"potentialAction":[{"@type":"SearchAction","target":{"@type":"EntryPoint","urlTemplate":"https:\/\/mercadometropolitano.com.br\/?s={search_term_string}"},"query-input":"required name=search_term_string"}],"inLanguage":"pt-BR"},{"@type":"Organization","@id":"https:\/\/mercadometropolitano.com.br\/#organization","name":"Mercado Metropolitano","url":"https:\/\/mercadometropolitano.com.br\/","logo":{"@type":"ImageObject","inLanguage":"pt-BR","@id":"https:\/\/mercadometropolitano.com.br\/#\/schema\/logo\/image\/","url":"https:\/\/mercadometropolitano.com.br\/wp-content\/uploads\/2023\/05\/LOGO-NOVA-LARANJA-PNG.png","contentUrl":"https:\/\/mercadometropolitano.com.br\/wp-content\/uploads\/2023\/05\/LOGO-NOVA-LARANJA-PNG.png","width":4193,"height":2106,"caption":"Mercado Metropolitano"},"image":{"@id":"https:\/\/mercadometropolitano.com.br\/#\/schema\/logo\/image\/"},"sameAs":["https:\/\/www.facebook.com\/profile.php?id=100076491488780","https:\/\/www.instagram.com\/mercadometropolitano\/"]}]}},"_links":{"self":[{"href":"https:\/\/mercadometropolitano.com.br\/index.php\/wp-json\/wp\/v2\/pages\/21779"}],"collection":[{"href":"https:\/\/mercadometropolitano.com.br\/index.php\/wp-json\/wp\/v2\/pages"}],"about":[{"href":"https:\/\/mercadometropolitano.com.br\/index.php\/wp-json\/wp\/v2\/types\/page"}],"author":[{"embeddable":true,"href":"https:\/\/mercadometropolitano.com.br\/index.php\/wp-json\/wp\/v2\/users\/1"}],"replies":[{"embeddable":true,"href":"https:\/\/mercadometropolitano.com.br\/index.php\/wp-json\/wp\/v2\/comments?post=21779"}],"version-history":[{"count":7,"href":"https:\/\/mercadometropolitano.com.br\/index.php\/wp-json\/wp\/v2\/pages\/21779\/revisions"}],"predecessor-version":[{"id":21787,"href":"https:\/\/mercadometropolitano.com.br\/index.php\/wp-json\/wp\/v2\/pages\/21779\/revisions\/21787"}],"wp:attachment":[{"href":"https:\/\/mercadometropolitano.com.br\/index.php\/wp-json\/wp\/v2\/media?parent=21779"}],"curies":[{"name":"wp","href":"https:\/\/api.w.org\/{rel}","templated":true}]}}